{"id":220,"date":"2017-11-17T23:24:29","date_gmt":"2017-11-17T22:24:29","guid":{"rendered":"http:\/\/192.168.123.3\/~varue\/?page_id=220"},"modified":"2024-01-05T18:23:13","modified_gmt":"2024-01-05T17:23:13","slug":"damen","status":"publish","type":"page","link":"http:\/\/www.xn--haartrume-var-gfb18a.de\/index.php\/damen\/","title":{"rendered":"Damen"},"content":{"rendered":"\n<div class=\"wp-block-columns is-layout-flex wp-container-core-columns-is-layout-8f761849 wp-block-columns-is-layout-flex\">\n<div class=\"wp-block-column is-layout-flow wp-block-column-is-layout-flow\" style=\"flex-basis:100%\">\n<p class=\"has-text-align-right wp-block-paragraph\"><span style=\"font-size: 10pt;\"><span class=\"markedContent\"><strong><span dir=\"ltr\" role=\"presentation\">HAARSCHNITT<\/span> <\/strong>\u00a0\u00a0\u00a0\u00a0\u00a0\u00a0\u00a0\u00a0\u00a0\u00a0\u00a0\u00a0\u00a0\u00a0\u00a0\u00a0\u00a0\u00a0\u00a0\u00a0\u00a0\u00a0\u00a0\u00a0\u00a0\u00a0\u00a0\u00a0\u00a0\u00a0\u00a0\u00a0\u00a0\u00a0\u00a0\u00a0\u00a0\u00a0\u00a0\u00a0\u00a0\u00a0\u00a0\u00a0\u00a0\u00a0\u00a0\u00a0\u00a0\u00a0\u00a0\u00a0\u00a0\u00a0\u00a0\u00a0\u00a0\u00a0\u00a0\u00a0\u00a0\u00a0\u00a0\u00a0\u00a0\u00a0\u00a0\u00a0 <span dir=\"ltr\" role=\"presentation\">ab 42 \u20ac<\/span><br><span dir=\"ltr\" role=\"presentation\">Beratung I Verw\u00f6hnw\u00e4sche IStyling<\/span><br><strong><span dir=\"ltr\" role=\"presentation\">HAARSCHNITT<\/span><\/strong> \u00a0\u00a0\u00a0\u00a0\u00a0\u00a0\u00a0\u00a0\u00a0\u00a0\u00a0\u00a0\u00a0\u00a0\u00a0\u00a0\u00a0\u00a0\u00a0\u00a0\u00a0\u00a0\u00a0\u00a0\u00a0\u00a0\u00a0\u00a0\u00a0\u00a0\u00a0\u00a0\u00a0\u00a0\u00a0\u00a0\u00a0\u00a0\u00a0\u00a0\u00a0\u00a0\u00a0\u00a0\u00a0\u00a0\u00a0\u00a0\u00a0\u00a0\u00a0\u00a0\u00a0\u00a0\u00a0\u00a0\u00a0\u00a0\u00a0\u00a0\u00a0\u00a0\u00a0\u00a0\u00a0\u00a0\u00a0\u00a0 ab 34 \u20ac<br><span dir=\"ltr\" role=\"presentation\">Beratung I Verw\u00f6hnw\u00e4sche I selber f\u00f6nen<\/span><br><strong><span dir=\"ltr\" role=\"presentation\">STYLING<\/span> <\/strong>\u00a0\u00a0\u00a0\u00a0\u00a0\u00a0\u00a0\u00a0\u00a0\u00a0\u00a0\u00a0\u00a0\u00a0\u00a0\u00a0\u00a0\u00a0\u00a0\u00a0\u00a0\u00a0\u00a0\u00a0\u00a0\u00a0\u00a0\u00a0\u00a0\u00a0\u00a0\u00a0\u00a0\u00a0\u00a0\u00a0\u00a0\u00a0\u00a0\u00a0\u00a0\u00a0\u00a0\u00a0\u00a0\u00a0\u00a0\u00a0\u00a0\u00a0\u00a0\u00a0\u00a0\u00a0\u00a0\u00a0\u00a0\u00a0\u00a0\u00a0\u00a0\u00a0\u00a0\u00a0\u00a0\u00a0\u00a0\u00a0\u00a0\u00a0\u00a0 22 \u20ac    27 \u20ac    31 \u20ac<br><span dir=\"ltr\" role=\"presentation\">Beratung I Verw\u00f6hnw\u00e4sche I Styling<\/span><br><strong><span dir=\"ltr\" role=\"presentation\">UMFORMUNG DER HAARSTRUKTUR<\/span><\/strong> \u00a0\u00a0\u00a0\u00a0\u00a0\u00a0\u00a0\u00a0\u00a0\u00a0\u00a0\u00a0\u00a0\u00a0\u00a0 \u00a0\u00a0 <span dir=\"ltr\" role=\"presentation\">55 \u2013 70<\/span> \u20ac<br><span dir=\"ltr\" role=\"presentation\">Individuelle wellige oder lockige Formgebung<\/span><br><strong><span dir=\"ltr\" role=\"presentation\">KINDERHAARSCHNITT<\/span><\/strong> \u00a0\u00a0\u00a0\u00a0\u00a0\u00a0\u00a0\u00a0\u00a0\u00a0\u00a0\u00a0\u00a0\u00a0\u00a0\u00a0\u00a0\u00a0\u00a0\u00a0\u00a0\u00a0\u00a0\u00a0\u00a0\u00a0\u00a0\u00a0\u00a0\u00a0\u00a0\u00a0\u00a0\u00a0\u00a0\u00a0\u00a0\u00a0\u00a0\u00a0\u00a0\u00a0\u00a0\u00a0\u00a0\u00a0 <span dir=\"ltr\" role=\"presentation\">15 &#8211; 18<\/span> \u20ac<br><span dir=\"ltr\" role=\"presentation\">bis 6 Jahre I bis 10 <\/span><\/span><\/span><\/p>\n<\/div>\n<\/div>\n\n\n\n<p class=\"wp-block-paragraph\"><strong><span style=\"font-size: 10pt;\">Extras<\/span><\/strong><\/p>\n\n\n\n<hr class=\"wp-block-separator has-alpha-channel-opacity\"\/>\n\n\n\n<p class=\"has-text-align-right has-small-font-size wp-block-paragraph\"><span class=\"markedContent\"><span dir=\"ltr\" role=\"presentation\">AUGENBRAUEN FORMEN<\/span> &nbsp;&nbsp;&nbsp;&nbsp;&nbsp;&nbsp;&nbsp;&nbsp;&nbsp;&nbsp;&nbsp;&nbsp;&nbsp;&nbsp;&nbsp;&nbsp;&nbsp;&nbsp;&nbsp;&nbsp;&nbsp;&nbsp;&nbsp;&nbsp;&nbsp;&nbsp;&nbsp;&nbsp;&nbsp;&nbsp;&nbsp;&nbsp;&nbsp;&nbsp; <span dir=\"ltr\" role=\"presentation\">9<\/span> \u20ac<br><span dir=\"ltr\" role=\"presentation\">AUGENBRAUEN F\u00c4RBEN<\/span> &nbsp;&nbsp;&nbsp;&nbsp;&nbsp;&nbsp;&nbsp;&nbsp;&nbsp;&nbsp;&nbsp;&nbsp;&nbsp;&nbsp;&nbsp;&nbsp;&nbsp;&nbsp;&nbsp;&nbsp;&nbsp;&nbsp;&nbsp;&nbsp;&nbsp;&nbsp;&nbsp;&nbsp;&nbsp;&nbsp;&nbsp;&nbsp;&nbsp;&nbsp;&nbsp; <span dir=\"ltr\" role=\"presentation\">9<\/span> \u20ac<br><span dir=\"ltr\" role=\"presentation\">WIMPERN F\u00c4RBEN &nbsp; &nbsp; &nbsp; &nbsp; &nbsp; &nbsp; &nbsp; &nbsp; &nbsp; &nbsp; &nbsp; &nbsp; &nbsp; &nbsp; &nbsp; &nbsp; &nbsp; &nbsp; &nbsp; &nbsp; &nbsp; &nbsp;&nbsp; <\/span>11 \u20ac<br><span dir=\"ltr\" role=\"presentation\">TAGES MAKE UP<\/span> &nbsp;&nbsp;&nbsp;&nbsp;&nbsp;&nbsp;&nbsp;&nbsp;&nbsp;&nbsp;&nbsp;&nbsp;&nbsp;&nbsp;&nbsp;&nbsp;&nbsp;&nbsp;&nbsp;&nbsp;&nbsp;&nbsp;&nbsp;&nbsp;&nbsp;&nbsp;&nbsp;&nbsp;&nbsp;&nbsp;&nbsp;&nbsp;&nbsp;&nbsp;&nbsp;&nbsp;&nbsp;&nbsp;&nbsp;&nbsp;&nbsp;&nbsp;&nbsp;&nbsp;&nbsp;&nbsp;ab&nbsp;&nbsp; <span dir=\"ltr\" role=\"presentation\">25<\/span> \u20ac<br><span dir=\"ltr\" role=\"presentation\">ABEND \/ EVENT MAKE UP<\/span> &nbsp;&nbsp;&nbsp;&nbsp;&nbsp;&nbsp;&nbsp;&nbsp;&nbsp;&nbsp;&nbsp;&nbsp;&nbsp;&nbsp;&nbsp;&nbsp;&nbsp;&nbsp;&nbsp;&nbsp;&nbsp;&nbsp; <span dir=\"ltr\" role=\"presentation\">ab   60<\/span> \u20ac<\/span><\/p>\n\n\n\n<p class=\"wp-block-paragraph\"><span class=\"markedContent\"><span dir=\"ltr\" role=\"presentation\">BRAUTSTYLING \/ MAKE UP<\/span><br role=\"presentation\"><span dir=\"ltr\" role=\"presentation\">Beratung und Preise bitte im Salon anfragen<\/span><\/span><\/p>\n\n\n\n<p class=\"wp-block-paragraph\"><span class=\"markedContent\"><br role=\"presentation\"><span dir=\"ltr\" role=\"presentation\">L\u00e4ngenaufschlag und Mehraufwand werden individuell extra abgerechnet.<\/span><\/span><\/p>\n\n\n\n<p class=\"has-text-align-right wp-block-paragraph\"><\/p>\n","protected":false},"excerpt":{"rendered":"<p>HAARSCHNITT \u00a0\u00a0\u00a0\u00a0\u00a0\u00a0\u00a0\u00a0\u00a0\u00a0\u00a0\u00a0\u00a0\u00a0\u00a0\u00a0\u00a0\u00a0\u00a0\u00a0\u00a0\u00a0\u00a0\u00a0\u00a0\u00a0\u00a0\u00a0\u00a0\u00a0\u00a0\u00a0\u00a0\u00a0\u00a0\u00a0\u00a0\u00a0\u00a0\u00a0\u00a0\u00a0\u00a0\u00a0\u00a0\u00a0\u00a0\u00a0\u00a0\u00a0\u00a0\u00a0\u00a0\u00a0\u00a0\u00a0\u00a0\u00a0\u00a0\u00a0\u00a0\u00a0\u00a0\u00a0\u00a0\u00a0\u00a0\u00a0 ab 42 \u20acBeratung I Verw\u00f6hnw\u00e4sche IStylingHAARSCHNITT \u00a0\u00a0\u00a0\u00a0\u00a0\u00a0\u00a0\u00a0\u00a0\u00a0\u00a0\u00a0\u00a0\u00a0\u00a0\u00a0\u00a0\u00a0\u00a0\u00a0\u00a0\u00a0\u00a0\u00a0\u00a0\u00a0\u00a0\u00a0\u00a0\u00a0\u00a0\u00a0\u00a0\u00a0\u00a0\u00a0\u00a0\u00a0\u00a0\u00a0\u00a0\u00a0\u00a0\u00a0\u00a0\u00a0\u00a0\u00a0\u00a0\u00a0\u00a0\u00a0\u00a0\u00a0\u00a0\u00a0\u00a0\u00a0\u00a0\u00a0\u00a0\u00a0\u00a0\u00a0\u00a0\u00a0\u00a0\u00a0 ab 34 \u20acBeratung I Verw\u00f6hnw\u00e4sche I selber f\u00f6nenSTYLING \u00a0\u00a0\u00a0\u00a0\u00a0\u00a0\u00a0\u00a0\u00a0\u00a0\u00a0\u00a0\u00a0\u00a0\u00a0\u00a0\u00a0\u00a0\u00a0\u00a0\u00a0\u00a0\u00a0\u00a0\u00a0\u00a0\u00a0\u00a0\u00a0\u00a0\u00a0\u00a0\u00a0\u00a0\u00a0\u00a0\u00a0\u00a0\u00a0\u00a0\u00a0\u00a0\u00a0\u00a0\u00a0\u00a0\u00a0\u00a0\u00a0\u00a0\u00a0\u00a0\u00a0\u00a0\u00a0\u00a0\u00a0\u00a0\u00a0\u00a0\u00a0\u00a0\u00a0\u00a0\u00a0\u00a0\u00a0\u00a0\u00a0\u00a0\u00a0 22 \u20ac 27 \u20ac 31 \u20acBeratung I Verw\u00f6hnw\u00e4sche I StylingUMFORMUNG DER HAARSTRUKTUR \u00a0\u00a0\u00a0\u00a0\u00a0\u00a0\u00a0\u00a0\u00a0\u00a0\u00a0\u00a0\u00a0\u00a0\u00a0 \u00a0\u00a0 55 \u2013 70 \u20acIndividuelle wellige oder lockige FormgebungKINDERHAARSCHNITT \u00a0\u00a0\u00a0\u00a0\u00a0\u00a0\u00a0\u00a0\u00a0\u00a0\u00a0\u00a0\u00a0\u00a0\u00a0\u00a0\u00a0\u00a0\u00a0\u00a0\u00a0\u00a0\u00a0\u00a0\u00a0\u00a0\u00a0\u00a0\u00a0\u00a0\u00a0\u00a0\u00a0\u00a0\u00a0\u00a0\u00a0\u00a0\u00a0\u00a0\u00a0\u00a0\u00a0\u00a0\u00a0\u00a0 15 &#8211; 18 \u20acbis 6 Jahre I bis 10 Extras AUGENBRAUEN FORMEN &nbsp;&nbsp;&nbsp;&nbsp;&nbsp;&nbsp;&nbsp;&nbsp;&nbsp;&nbsp;&nbsp;&nbsp;&nbsp;&nbsp;&nbsp;&nbsp;&nbsp;&nbsp;&nbsp;&nbsp;&nbsp;&nbsp;&nbsp;&nbsp;&nbsp;&nbsp;&nbsp;&nbsp;&nbsp;&nbsp;&nbsp;&nbsp;&nbsp;&nbsp; 9&hellip; <a class=\"more-link\" href=\"http:\/\/www.xn--haartrume-var-gfb18a.de\/index.php\/damen\/\"><span class=\"screen-reader-text\">Damen<\/span> weiterlesen<\/a><\/p>\n","protected":false},"author":2,"featured_media":0,"parent":0,"menu_order":0,"comment_status":"closed","ping_status":"closed","template":"","meta":{"_crdt_document":"","footnotes":""},"class_list":["post-220","page","type-page","status-publish","hentry","entry"],"_links":{"self":[{"href":"http:\/\/www.xn--haartrume-var-gfb18a.de\/index.php\/wp-json\/wp\/v2\/pages\/220","targetHints":{"allow":["GET"]}}],"collection":[{"href":"http:\/\/www.xn--haartrume-var-gfb18a.de\/index.php\/wp-json\/wp\/v2\/pages"}],"about":[{"href":"http:\/\/www.xn--haartrume-var-gfb18a.de\/index.php\/wp-json\/wp\/v2\/types\/page"}],"author":[{"embeddable":true,"href":"http:\/\/www.xn--haartrume-var-gfb18a.de\/index.php\/wp-json\/wp\/v2\/users\/2"}],"replies":[{"embeddable":true,"href":"http:\/\/www.xn--haartrume-var-gfb18a.de\/index.php\/wp-json\/wp\/v2\/comments?post=220"}],"version-history":[{"count":27,"href":"http:\/\/www.xn--haartrume-var-gfb18a.de\/index.php\/wp-json\/wp\/v2\/pages\/220\/revisions"}],"predecessor-version":[{"id":375,"href":"http:\/\/www.xn--haartrume-var-gfb18a.de\/index.php\/wp-json\/wp\/v2\/pages\/220\/revisions\/375"}],"wp:attachment":[{"href":"http:\/\/www.xn--haartrume-var-gfb18a.de\/index.php\/wp-json\/wp\/v2\/media?parent=220"}],"curies":[{"name":"wp","href":"https:\/\/api.w.org\/{rel}","templated":true}]}}