{"id":46,"date":"2017-11-14T11:49:40","date_gmt":"2017-11-14T10:49:40","guid":{"rendered":"http:\/\/192.168.123.3\/~varue\/?page_id=46"},"modified":"2024-01-05T17:20:54","modified_gmt":"2024-01-05T16:20:54","slug":"oeffnungszeiten","status":"publish","type":"page","link":"http:\/\/www.xn--haartrume-var-gfb18a.de\/index.php\/oeffnungszeiten\/","title":{"rendered":"\u00d6ffnungszeiten"},"content":{"rendered":"<p style=\"text-align: center;\">Var\u00fc Haartr\u00e4ume<\/p>\n<p style=\"text-align: center;\">Am Wallgraben 42<br \/>\n40625 D\u00fcsseldorf<br \/>\nTel: 0211\/3026578<\/p>\n<p style=\"text-align: center;\">\u00d6ffnungszeiten:<\/p>\n<p style=\"text-align: center;\">Dienstag,Mittwoch,Freitag 9 \u2013 18 Uhr<br \/>\nDonnerstag 9 \u2013 19 Uhr<br \/>\nSamstag 8 \u2013 14 Uhr<\/p>\n<p style=\"text-align: center;\">und nach Vereinbarung<\/p>\n<p style=\"text-align: center;\">Tel. 0211\/3 02 65 78<\/p>\n","protected":false},"excerpt":{"rendered":"<p>Var\u00fc Haartr\u00e4ume Am Wallgraben 42 40625 D\u00fcsseldorf Tel: 0211\/3026578 \u00d6ffnungszeiten: Dienstag,Mittwoch,Freitag 9 \u2013 18 Uhr Donnerstag 9 \u2013 19 Uhr Samstag 8 \u2013 14 Uhr und nach Vereinbarung Tel. 0211\/3 02 65 78<\/p>\n","protected":false},"author":2,"featured_media":0,"parent":0,"menu_order":0,"comment_status":"closed","ping_status":"closed","template":"","meta":{"_crdt_document":"","footnotes":""},"class_list":["post-46","page","type-page","status-publish","hentry","entry"],"_links":{"self":[{"href":"http:\/\/www.xn--haartrume-var-gfb18a.de\/index.php\/wp-json\/wp\/v2\/pages\/46","targetHints":{"allow":["GET"]}}],"collection":[{"href":"http:\/\/www.xn--haartrume-var-gfb18a.de\/index.php\/wp-json\/wp\/v2\/pages"}],"about":[{"href":"http:\/\/www.xn--haartrume-var-gfb18a.de\/index.php\/wp-json\/wp\/v2\/types\/page"}],"author":[{"embeddable":true,"href":"http:\/\/www.xn--haartrume-var-gfb18a.de\/index.php\/wp-json\/wp\/v2\/users\/2"}],"replies":[{"embeddable":true,"href":"http:\/\/www.xn--haartrume-var-gfb18a.de\/index.php\/wp-json\/wp\/v2\/comments?post=46"}],"version-history":[{"count":8,"href":"http:\/\/www.xn--haartrume-var-gfb18a.de\/index.php\/wp-json\/wp\/v2\/pages\/46\/revisions"}],"predecessor-version":[{"id":359,"href":"http:\/\/www.xn--haartrume-var-gfb18a.de\/index.php\/wp-json\/wp\/v2\/pages\/46\/revisions\/359"}],"wp:attachment":[{"href":"http:\/\/www.xn--haartrume-var-gfb18a.de\/index.php\/wp-json\/wp\/v2\/media?parent=46"}],"curies":[{"name":"wp","href":"https:\/\/api.w.org\/{rel}","templated":true}]}}