{"id":64,"date":"2017-11-15T00:01:43","date_gmt":"2017-11-14T23:01:43","guid":{"rendered":"http:\/\/192.168.123.3\/~varue\/?page_id=64"},"modified":"2024-06-16T18:32:47","modified_gmt":"2024-06-16T16:32:47","slug":"impressung","status":"publish","type":"page","link":"http:\/\/www.xn--haartrume-var-gfb18a.de\/index.php\/impressung\/","title":{"rendered":"Impressum"},"content":{"rendered":"<h3><span style=\"font-size: 14pt;\">Vanessa R\u00fcttgers<\/span><br \/>\n<span style=\"font-size: 14pt;\"> Am Wallgraben 42<\/span><br \/>\n<span style=\"font-size: 14pt;\"> 40625 D\u00fcsseldorf<\/span><\/h3>\n<p><span style=\"font-size: 10pt;\">Tel: 0211\/3026578<\/span><\/p>\n<p><span style=\"font-size: 10pt;\">Umsatzsteuer-Identifikationsnummer gem. \u00a7 27a UStG: DE 133\/5274\/2629<\/span><br \/>\n<span style=\"font-size: 10pt;\"> Inhaltlich Verantwortlicher gem\u00e4\u00df \u00a7 10 Absatz 3 MDStV: Vanessa R\u00fcttgers<\/span><\/p>\n<p><span style=\"font-size: 10pt;\"><strong>Haftungshinweis:<\/strong><\/span><br \/>\n<span style=\"font-size: 10pt;\"> Trotz sorgf\u00e4ltiger inhaltlicher Kontrolle \u00fcbernehmen wir keine Haftung f\u00fcr die Inhalte externer Links.<\/span><br \/>\n<span style=\"font-size: 10pt;\"> F\u00fcr den Inhalt der verlinkten Seiten sind ausschlie\u00dflich deren Betreiber verantwortlich.<\/span><\/p>\n","protected":false},"excerpt":{"rendered":"<p>Vanessa R\u00fcttgers Am Wallgraben 42 40625 D\u00fcsseldorf Tel: 0211\/3026578 Umsatzsteuer-Identifikationsnummer gem. \u00a7 27a UStG: DE 133\/5274\/2629 Inhaltlich Verantwortlicher gem\u00e4\u00df \u00a7 10 Absatz 3 MDStV: Vanessa R\u00fcttgers Haftungshinweis: Trotz sorgf\u00e4ltiger inhaltlicher Kontrolle \u00fcbernehmen wir keine Haftung f\u00fcr die Inhalte externer Links. F\u00fcr den Inhalt der verlinkten Seiten sind ausschlie\u00dflich deren Betreiber verantwortlich.<\/p>\n","protected":false},"author":2,"featured_media":0,"parent":0,"menu_order":0,"comment_status":"closed","ping_status":"closed","template":"","meta":{"_crdt_document":"","footnotes":""},"class_list":["post-64","page","type-page","status-publish","hentry","entry"],"_links":{"self":[{"href":"http:\/\/www.xn--haartrume-var-gfb18a.de\/index.php\/wp-json\/wp\/v2\/pages\/64","targetHints":{"allow":["GET"]}}],"collection":[{"href":"http:\/\/www.xn--haartrume-var-gfb18a.de\/index.php\/wp-json\/wp\/v2\/pages"}],"about":[{"href":"http:\/\/www.xn--haartrume-var-gfb18a.de\/index.php\/wp-json\/wp\/v2\/types\/page"}],"author":[{"embeddable":true,"href":"http:\/\/www.xn--haartrume-var-gfb18a.de\/index.php\/wp-json\/wp\/v2\/users\/2"}],"replies":[{"embeddable":true,"href":"http:\/\/www.xn--haartrume-var-gfb18a.de\/index.php\/wp-json\/wp\/v2\/comments?post=64"}],"version-history":[{"count":5,"href":"http:\/\/www.xn--haartrume-var-gfb18a.de\/index.php\/wp-json\/wp\/v2\/pages\/64\/revisions"}],"predecessor-version":[{"id":387,"href":"http:\/\/www.xn--haartrume-var-gfb18a.de\/index.php\/wp-json\/wp\/v2\/pages\/64\/revisions\/387"}],"wp:attachment":[{"href":"http:\/\/www.xn--haartrume-var-gfb18a.de\/index.php\/wp-json\/wp\/v2\/media?parent=64"}],"curies":[{"name":"wp","href":"https:\/\/api.w.org\/{rel}","templated":true}]}}