{"id":88,"date":"2017-11-15T09:35:24","date_gmt":"2017-11-15T08:35:24","guid":{"rendered":"http:\/\/192.168.123.3\/~varue\/?page_id=88"},"modified":"2017-11-18T13:51:45","modified_gmt":"2017-11-18T12:51:45","slug":"startseite","status":"publish","type":"page","link":"http:\/\/www.xn--haartrume-var-gfb18a.de\/","title":{"rendered":"Startseite"},"content":{"rendered":"<p>Haartr\u00e4ume VaR\u00fc hei\u00dft Sie herzlich willkommen&#8230;<br \/>\nKompetenz, Qualit\u00e4t &amp; Individualit\u00e4t bilden das Herz des Haartr\u00e4ume VaR\u00fc Teams.<br \/>\nJeder Mensch ist einzigartig, deshalb ist es unser Ziel, Ihre W\u00fcnsche zu verstehen und umzusetzen.<br \/>\nOb Trendfrisur, klassischer Haarschnitt , neueste Colorationstechniken<br \/>\noder auch eine extravagante Hochsteckfrisur&#8230;wir beraten Sie typgerecht &amp; professionell.<br \/>\nEntfliehen Sie Ihem Alltag und lassen Sie sich mit einer gro\u00dfen Auswahl an Kaffeespezialit\u00e4ten,<br \/>\noder einem Glas Prosecco, sowie einer entspannenden Nacken und Kopfmassage von uns verw\u00f6hnen.<br \/>\nWir freuen uns auf Sie<br \/>\nIhr Haartr\u00e4ume VaR\u00fc Team<\/p>\n","protected":false},"excerpt":{"rendered":"<p>Haartr\u00e4ume VaR\u00fc hei\u00dft Sie herzlich willkommen&#8230; Kompetenz, Qualit\u00e4t &amp; Individualit\u00e4t bilden das Herz des Haartr\u00e4ume VaR\u00fc Teams. Jeder Mensch ist einzigartig, deshalb ist es unser Ziel, Ihre W\u00fcnsche zu verstehen und umzusetzen. Ob Trendfrisur, klassischer Haarschnitt , neueste Colorationstechniken oder auch eine extravagante Hochsteckfrisur&#8230;wir beraten Sie typgerecht &amp; professionell. Entfliehen Sie Ihem Alltag und lassen&hellip; <a class=\"more-link\" href=\"http:\/\/www.xn--haartrume-var-gfb18a.de\/\"><span class=\"screen-reader-text\">Startseite<\/span> weiterlesen<\/a><\/p>\n","protected":false},"author":2,"featured_media":0,"parent":0,"menu_order":0,"comment_status":"closed","ping_status":"closed","template":"","meta":{"_crdt_document":"","footnotes":""},"class_list":["post-88","page","type-page","status-publish","hentry","entry"],"_links":{"self":[{"href":"http:\/\/www.xn--haartrume-var-gfb18a.de\/index.php\/wp-json\/wp\/v2\/pages\/88","targetHints":{"allow":["GET"]}}],"collection":[{"href":"http:\/\/www.xn--haartrume-var-gfb18a.de\/index.php\/wp-json\/wp\/v2\/pages"}],"about":[{"href":"http:\/\/www.xn--haartrume-var-gfb18a.de\/index.php\/wp-json\/wp\/v2\/types\/page"}],"author":[{"embeddable":true,"href":"http:\/\/www.xn--haartrume-var-gfb18a.de\/index.php\/wp-json\/wp\/v2\/users\/2"}],"replies":[{"embeddable":true,"href":"http:\/\/www.xn--haartrume-var-gfb18a.de\/index.php\/wp-json\/wp\/v2\/comments?post=88"}],"version-history":[{"count":5,"href":"http:\/\/www.xn--haartrume-var-gfb18a.de\/index.php\/wp-json\/wp\/v2\/pages\/88\/revisions"}],"predecessor-version":[{"id":416,"href":"http:\/\/www.xn--haartrume-var-gfb18a.de\/index.php\/wp-json\/wp\/v2\/pages\/88\/revisions\/416"}],"wp:attachment":[{"href":"http:\/\/www.xn--haartrume-var-gfb18a.de\/index.php\/wp-json\/wp\/v2\/media?parent=88"}],"curies":[{"name":"wp","href":"https:\/\/api.w.org\/{rel}","templated":true}]}}